{"id":271,"date":"2024-04-11T18:22:12","date_gmt":"2024-04-11T18:22:12","guid":{"rendered":"https:\/\/teseltapa.wpenginepowered.com\/request-a-quote\/"},"modified":"2024-06-17T12:17:05","modified_gmt":"2024-06-17T12:17:05","slug":"request-a-quote","status":"publish","type":"page","link":"https:\/\/costarica.teselta.com\/en\/request-a-quote\/","title":{"rendered":"Request a Quote"},"content":{"rendered":"\t\t<div data-elementor-type=\"wp-page\" data-elementor-id=\"271\" class=\"elementor elementor-271\" data-elementor-post-type=\"page\">\n\t\t\t\t<div class=\"elementor-element elementor-element-ae166f4 e-flex e-con-boxed e-con e-parent\" data-id=\"ae166f4\" data-element_type=\"container\" data-e-type=\"container\" data-settings=\"{&quot;background_background&quot;:&quot;classic&quot;}\">\n\t\t\t\t\t<div class=\"e-con-inner\">\n\t\t<div class=\"elementor-element elementor-element-d065596 e-con-full e-flex e-con e-child\" data-id=\"d065596\" data-element_type=\"container\" data-e-type=\"container\">\n\t\t\t\t<div class=\"elementor-element elementor-element-53159d1 elementor-widget elementor-widget-heading\" data-id=\"53159d1\" data-element_type=\"widget\" data-e-type=\"widget\" data-widget_type=\"heading.default\">\n\t\t\t\t<div class=\"elementor-widget-container\">\n\t\t\t\t\t<h4 class=\"elementor-heading-title elementor-size-default\">Cotizaci\u00f3n para su equipo nuevo<\/h4>\t\t\t\t<\/div>\n\t\t\t\t<\/div>\n\t\t\t\t<\/div>\n\t\t<div class=\"elementor-element elementor-element-8b95bb5 e-con-full e-flex e-con e-child\" data-id=\"8b95bb5\" data-element_type=\"container\" data-e-type=\"container\">\n\t\t\t\t<div class=\"elementor-element elementor-element-cee39a2 elementor-widget elementor-widget-woocommerce-breadcrumb\" data-id=\"cee39a2\" data-element_type=\"widget\" data-e-type=\"widget\" data-widget_type=\"woocommerce-breadcrumb.default\">\n\t\t\t\t<div class=\"elementor-widget-container\">\n\t\t\t\t\t<nav class=\"woocommerce-breadcrumb\" aria-label=\"Breadcrumb\">Home<\/nav>\t\t\t\t<\/div>\n\t\t\t\t<\/div>\n\t\t\t\t<\/div>\n\t\t\t\t\t<\/div>\n\t\t\t\t<\/div>\n\t\t<div class=\"elementor-element elementor-element-f53ddb4 e-flex e-con-boxed e-con e-parent\" data-id=\"f53ddb4\" data-element_type=\"container\" data-e-type=\"container\">\n\t\t\t\t\t<div class=\"e-con-inner\">\n\t\t\t\t<div class=\"elementor-element elementor-element-06e8fe8 elementor-widget elementor-widget-heading\" data-id=\"06e8fe8\" data-element_type=\"widget\" data-e-type=\"widget\" data-widget_type=\"heading.default\">\n\t\t\t\t<div class=\"elementor-widget-container\">\n\t\t\t\t\t<h4 class=\"elementor-heading-title elementor-size-default\">Estos son los equipos a\u00f1adidos a su cotizaci\u00f3n hasta el momento.<\/h4>\t\t\t\t<\/div>\n\t\t\t\t<\/div>\n\t\t\t\t<div class=\"elementor-element elementor-element-6b14922 elementor-widget elementor-widget-text-editor\" data-id=\"6b14922\" data-element_type=\"widget\" data-e-type=\"widget\" data-widget_type=\"text-editor.default\">\n\t\t\t\t<div class=\"elementor-widget-container\">\n\t\t\t\t\t\t\t\t\t<p>Al terminar de agregar sus equipos, simplemente complete el formulario a continuaci\u00f3n y luego haga clic en enviar. En breve nuestros Expertos se pondr\u00e1n en contacto con usted.<\/p><p>Si necesita asistencia inmediata o informaci\u00f3n sobre alg\u00fan equipo, precio u ofertas, no dude en llamarnos al: (787) 783-9380<\/p>\t\t\t\t\t\t\t\t<\/div>\n\t\t\t\t<\/div>\n\t\t\t\t<div class=\"elementor-element elementor-element-0864847 elementor-widget elementor-widget-woocommerce-notices\" data-id=\"0864847\" data-element_type=\"widget\" data-e-type=\"widget\" data-widget_type=\"woocommerce-notices.default\">\n\t\t\t\t<div class=\"elementor-widget-container\">\n\t\t\t\t\t\t\t<style>\n\t\t\t.woocommerce-notices-wrapper,\n\t\t\t.woocommerce-message,\n\t\t\t.woocommerce-error,\n\t\t\t.woocommerce-info {\n\t\t\t\tdisplay: none;\n\t\t\t}\n\t\t<\/style>\n\t\t\t\t\t<div class=\"e-woocommerce-notices-wrapper e-woocommerce-notices-wrapper-loading\">\n\t\t\t\t<div class=\"woocommerce-notices-wrapper\"><\/div>\t\t\t<\/div>\n\t\t\t\t\t\t\t<\/div>\n\t\t\t\t<\/div>\n\t\t\t\t\t<\/div>\n\t\t\t\t<\/div>\n\t\t<div class=\"elementor-element elementor-element-c9554d5 e-flex e-con-boxed e-con e-parent\" data-id=\"c9554d5\" data-element_type=\"container\" data-e-type=\"container\">\n\t\t\t\t\t<div class=\"e-con-inner\">\n\t\t\t\t<div class=\"elementor-element elementor-element-8a7c9d9 elementor-widget elementor-widget-shortcode\" data-id=\"8a7c9d9\" data-element_type=\"widget\" data-e-type=\"widget\" data-widget_type=\"shortcode.default\">\n\t\t\t\t<div class=\"elementor-widget-container\">\n\t\t\t\t\t\t\t<div class=\"elementor-shortcode\">[yith_ywraq_request_quote]<\/div>\n\t\t\t\t\t\t<\/div>\n\t\t\t\t<\/div>\n\t\t\t\t\t<\/div>\n\t\t\t\t<\/div>\n\t\t\t\t<\/div>\n\t\t","protected":false},"excerpt":{"rendered":"<p>Cotizaci\u00f3n para su equipo nuevo Estos son los equipos a\u00f1adidos a su cotizaci\u00f3n hasta el momento. Al terminar de agregar sus equipos, simplemente complete el formulario a continuaci\u00f3n y luego haga clic en enviar. En breve nuestros Expertos se pondr\u00e1n en contacto con usted. Si necesita asistencia inmediata o informaci\u00f3n sobre alg\u00fan equipo, precio u [&hellip;]<\/p>\n","protected":false},"author":2,"featured_media":0,"parent":0,"menu_order":0,"comment_status":"closed","ping_status":"closed","template":"elementor_header_footer","meta":{"_acf_changed":false,"footnotes":""},"class_list":["post-271","page","type-page","status-publish","hentry"],"acf":[],"yoast_head":"<!-- This site is optimized with the Yoast SEO plugin v27.4 - https:\/\/yoast.com\/product\/yoast-seo-wordpress\/ -->\n<title>Request a Quote - Teselta CR<\/title>\n<meta name=\"robots\" content=\"index, follow, max-snippet:-1, max-image-preview:large, max-video-preview:-1\" \/>\n<link rel=\"canonical\" href=\"https:\/\/costarica.teselta.com\/en\/request-a-quote\/\" \/>\n<meta property=\"og:locale\" content=\"en_US\" \/>\n<meta property=\"og:type\" content=\"article\" \/>\n<meta property=\"og:title\" content=\"Request a Quote - Teselta CR\" \/>\n<meta property=\"og:description\" content=\"Cotizaci\u00f3n para su equipo nuevo Estos son los equipos a\u00f1adidos a su cotizaci\u00f3n hasta el momento. Al terminar de agregar sus equipos, simplemente complete el formulario a continuaci\u00f3n y luego haga clic en enviar. En breve nuestros Expertos se pondr\u00e1n en contacto con usted. Si necesita asistencia inmediata o informaci\u00f3n sobre alg\u00fan equipo, precio u [&hellip;]\" \/>\n<meta property=\"og:url\" content=\"https:\/\/costarica.teselta.com\/en\/request-a-quote\/\" \/>\n<meta property=\"og:site_name\" content=\"Teselta CR\" \/>\n<meta property=\"article:publisher\" content=\"https:\/\/www.facebook.com\/TeseltaCo\" \/>\n<meta property=\"article:modified_time\" content=\"2024-06-17T12:17:05+00:00\" \/>\n<meta name=\"twitter:card\" content=\"summary_large_image\" \/>\n<meta name=\"twitter:label1\" content=\"Est. reading time\" \/>\n\t<meta name=\"twitter:data1\" content=\"1 minute\" \/>\n<script type=\"application\/ld+json\" class=\"yoast-schema-graph\">{\"@context\":\"https:\\\/\\\/schema.org\",\"@graph\":[{\"@type\":\"WebPage\",\"@id\":\"https:\\\/\\\/costarica.teselta.com\\\/request-a-quote\\\/\",\"url\":\"https:\\\/\\\/costarica.teselta.com\\\/request-a-quote\\\/\",\"name\":\"Request a Quote - Teselta CR\",\"isPartOf\":{\"@id\":\"https:\\\/\\\/costarica.teselta.com\\\/#website\"},\"datePublished\":\"2024-04-11T18:22:12+00:00\",\"dateModified\":\"2024-06-17T12:17:05+00:00\",\"breadcrumb\":{\"@id\":\"https:\\\/\\\/costarica.teselta.com\\\/request-a-quote\\\/#breadcrumb\"},\"inLanguage\":\"en-US\",\"potentialAction\":[{\"@type\":\"ReadAction\",\"target\":[\"https:\\\/\\\/costarica.teselta.com\\\/request-a-quote\\\/\"]}]},{\"@type\":\"BreadcrumbList\",\"@id\":\"https:\\\/\\\/costarica.teselta.com\\\/request-a-quote\\\/#breadcrumb\",\"itemListElement\":[{\"@type\":\"ListItem\",\"position\":1,\"name\":\"Home\",\"item\":\"https:\\\/\\\/costarica.teselta.com\\\/\"},{\"@type\":\"ListItem\",\"position\":2,\"name\":\"Request a Quote\"}]},{\"@type\":\"WebSite\",\"@id\":\"https:\\\/\\\/costarica.teselta.com\\\/#website\",\"url\":\"https:\\\/\\\/costarica.teselta.com\\\/\",\"name\":\"Teselta\",\"description\":\"Los L\u00edderes en venta y renta de equipos\",\"publisher\":{\"@id\":\"https:\\\/\\\/costarica.teselta.com\\\/#organization\"},\"potentialAction\":[{\"@type\":\"SearchAction\",\"target\":{\"@type\":\"EntryPoint\",\"urlTemplate\":\"https:\\\/\\\/costarica.teselta.com\\\/?s={search_term_string}\"},\"query-input\":{\"@type\":\"PropertyValueSpecification\",\"valueRequired\":true,\"valueName\":\"search_term_string\"}}],\"inLanguage\":\"en-US\"},{\"@type\":\"Organization\",\"@id\":\"https:\\\/\\\/costarica.teselta.com\\\/#organization\",\"name\":\"Teselta\",\"url\":\"https:\\\/\\\/costarica.teselta.com\\\/\",\"logo\":{\"@type\":\"ImageObject\",\"inLanguage\":\"en-US\",\"@id\":\"https:\\\/\\\/costarica.teselta.com\\\/#\\\/schema\\\/logo\\\/image\\\/\",\"url\":\"https:\\\/\\\/costarica.teselta.com\\\/wp-content\\\/uploads\\\/2023\\\/02\\\/teselta-main-logo.svg\",\"contentUrl\":\"https:\\\/\\\/costarica.teselta.com\\\/wp-content\\\/uploads\\\/2023\\\/02\\\/teselta-main-logo.svg\",\"caption\":\"Teselta\"},\"image\":{\"@id\":\"https:\\\/\\\/costarica.teselta.com\\\/#\\\/schema\\\/logo\\\/image\\\/\"},\"sameAs\":[\"https:\\\/\\\/www.facebook.com\\\/TeseltaCo\",\"https:\\\/\\\/www.linkedin.com\\\/company\\\/teselta\\\/\",\"https:\\\/\\\/www.instagram.com\\\/teselta\",\"https:\\\/\\\/www.youtube.com\\\/@teselta4529\"]}]}<\/script>\n<!-- \/ Yoast SEO plugin. -->","yoast_head_json":{"title":"Request a Quote - Teselta CR","robots":{"index":"index","follow":"follow","max-snippet":"max-snippet:-1","max-image-preview":"max-image-preview:large","max-video-preview":"max-video-preview:-1"},"canonical":"https:\/\/costarica.teselta.com\/en\/request-a-quote\/","og_locale":"en_US","og_type":"article","og_title":"Request a Quote - Teselta CR","og_description":"Cotizaci\u00f3n para su equipo nuevo Estos son los equipos a\u00f1adidos a su cotizaci\u00f3n hasta el momento. Al terminar de agregar sus equipos, simplemente complete el formulario a continuaci\u00f3n y luego haga clic en enviar. En breve nuestros Expertos se pondr\u00e1n en contacto con usted. Si necesita asistencia inmediata o informaci\u00f3n sobre alg\u00fan equipo, precio u [&hellip;]","og_url":"https:\/\/costarica.teselta.com\/en\/request-a-quote\/","og_site_name":"Teselta CR","article_publisher":"https:\/\/www.facebook.com\/TeseltaCo","article_modified_time":"2024-06-17T12:17:05+00:00","twitter_card":"summary_large_image","twitter_misc":{"Est. reading time":"1 minute"},"schema":{"@context":"https:\/\/schema.org","@graph":[{"@type":"WebPage","@id":"https:\/\/costarica.teselta.com\/request-a-quote\/","url":"https:\/\/costarica.teselta.com\/request-a-quote\/","name":"Request a Quote - Teselta CR","isPartOf":{"@id":"https:\/\/costarica.teselta.com\/#website"},"datePublished":"2024-04-11T18:22:12+00:00","dateModified":"2024-06-17T12:17:05+00:00","breadcrumb":{"@id":"https:\/\/costarica.teselta.com\/request-a-quote\/#breadcrumb"},"inLanguage":"en-US","potentialAction":[{"@type":"ReadAction","target":["https:\/\/costarica.teselta.com\/request-a-quote\/"]}]},{"@type":"BreadcrumbList","@id":"https:\/\/costarica.teselta.com\/request-a-quote\/#breadcrumb","itemListElement":[{"@type":"ListItem","position":1,"name":"Home","item":"https:\/\/costarica.teselta.com\/"},{"@type":"ListItem","position":2,"name":"Request a Quote"}]},{"@type":"WebSite","@id":"https:\/\/costarica.teselta.com\/#website","url":"https:\/\/costarica.teselta.com\/","name":"Teselta","description":"The leaders in equipment sales and rentals","publisher":{"@id":"https:\/\/costarica.teselta.com\/#organization"},"potentialAction":[{"@type":"SearchAction","target":{"@type":"EntryPoint","urlTemplate":"https:\/\/costarica.teselta.com\/?s={search_term_string}"},"query-input":{"@type":"PropertyValueSpecification","valueRequired":true,"valueName":"search_term_string"}}],"inLanguage":"en-US"},{"@type":"Organization","@id":"https:\/\/costarica.teselta.com\/#organization","name":"Teselta","url":"https:\/\/costarica.teselta.com\/","logo":{"@type":"ImageObject","inLanguage":"en-US","@id":"https:\/\/costarica.teselta.com\/#\/schema\/logo\/image\/","url":"https:\/\/costarica.teselta.com\/wp-content\/uploads\/2023\/02\/teselta-main-logo.svg","contentUrl":"https:\/\/costarica.teselta.com\/wp-content\/uploads\/2023\/02\/teselta-main-logo.svg","caption":"Teselta"},"image":{"@id":"https:\/\/costarica.teselta.com\/#\/schema\/logo\/image\/"},"sameAs":["https:\/\/www.facebook.com\/TeseltaCo","https:\/\/www.linkedin.com\/company\/teselta\/","https:\/\/www.instagram.com\/teselta","https:\/\/www.youtube.com\/@teselta4529"]}]}},"_links":{"self":[{"href":"https:\/\/costarica.teselta.com\/en\/wp-json\/wp\/v2\/pages\/271","targetHints":{"allow":["GET"]}}],"collection":[{"href":"https:\/\/costarica.teselta.com\/en\/wp-json\/wp\/v2\/pages"}],"about":[{"href":"https:\/\/costarica.teselta.com\/en\/wp-json\/wp\/v2\/types\/page"}],"author":[{"embeddable":true,"href":"https:\/\/costarica.teselta.com\/en\/wp-json\/wp\/v2\/users\/2"}],"replies":[{"embeddable":true,"href":"https:\/\/costarica.teselta.com\/en\/wp-json\/wp\/v2\/comments?post=271"}],"version-history":[{"count":0,"href":"https:\/\/costarica.teselta.com\/en\/wp-json\/wp\/v2\/pages\/271\/revisions"}],"wp:attachment":[{"href":"https:\/\/costarica.teselta.com\/en\/wp-json\/wp\/v2\/media?parent=271"}],"curies":[{"name":"wp","href":"https:\/\/api.w.org\/{rel}","templated":true}]}}