{"id":110,"date":"2024-03-26T14:50:44","date_gmt":"2024-03-26T14:50:44","guid":{"rendered":"https:\/\/teseltapa.wpenginepowered.com\/?page_id=110"},"modified":"2024-09-23T17:00:17","modified_gmt":"2024-09-23T17:00:17","slug":"gracias","status":"publish","type":"page","link":"https:\/\/costarica.teselta.com\/en\/gracias\/","title":{"rendered":"\u00a1Gracias!"},"content":{"rendered":"<div data-elementor-type=\"wp-page\" data-elementor-id=\"110\" class=\"elementor elementor-110\" data-elementor-post-type=\"page\">\n\t\t\t\t<div class=\"elementor-element elementor-element-b0e51a7 e-con-full e-flex e-con e-parent\" data-id=\"b0e51a7\" data-element_type=\"container\" data-e-type=\"container\" data-settings=\"{&quot;background_background&quot;:&quot;classic&quot;}\">\n\t\t<div class=\"elementor-element elementor-element-50e69ec e-con-full e-flex e-con e-child\" data-id=\"50e69ec\" data-element_type=\"container\" data-e-type=\"container\">\n\t\t<div class=\"elementor-element elementor-element-3ee04db e-con-full e-flex e-con e-child\" data-id=\"3ee04db\" data-element_type=\"container\" data-e-type=\"container\">\n\t\t\t\t<\/div>\n\t\t\t\t<\/div>\n\t\t<div class=\"elementor-element elementor-element-f232a11 e-con-full e-flex e-con e-child\" data-id=\"f232a11\" data-element_type=\"container\" data-e-type=\"container\" data-settings=\"{&quot;background_background&quot;:&quot;classic&quot;}\">\n\t\t\t\t<\/div>\n\t\t\t\t<\/div>\n\t\t<div class=\"elementor-element elementor-element-08c6095 e-flex e-con-boxed e-con e-parent\" data-id=\"08c6095\" data-element_type=\"container\" data-e-type=\"container\">\n\t\t\t\t\t<div class=\"e-con-inner\">\n\t\t\t\t<div class=\"elementor-element elementor-element-34759e4 uael-dual-heading-align-center elementor-widget elementor-widget-uael-dual-color-heading\" data-id=\"34759e4\" data-element_type=\"widget\" data-e-type=\"widget\" data-widget_type=\"uael-dual-color-heading.default\">\n\t\t\t\t<div class=\"elementor-widget-container\">\n\t\t\t\t\t\t\t\t\t<div class=\"uael-module-content uael-dual-color-heading uael-heading-stack-none\">\n\t\t\t<h3>\n\t\t\t\t\t\t\t\t\t\t\t\t\t\t\t\t<span class=\"uael-before-heading\"><span class=\"elementor-inline-editing uael-dual-heading-text uael-first-text\" data-elementor-setting-key=\"before_heading_text\" data-elementor-inline-editing-toolbar=\"basic\">\u00a1Su solicitud de cotizaci\u00f3n a sido<\/span><\/span><span class=\"uael-adv-heading-stack\"><span class=\"elementor-inline-editing uael-dual-heading-text uael-highlight-text\" data-elementor-setting-key=\"second_heading_text\" data-elementor-inline-editing-toolbar=\"basic\"> enviada exitosamente<\/span><\/span><span class=\"uael-after-heading\"><span class=\"elementor-inline-editing uael-dual-heading-text uael-third-text\" data-elementor-setting-key=\"after_heading_text\" data-elementor-inline-editing-toolbar=\"basic\">!<\/span><\/span>\t\t\t\t\t\t\t\t\t\t\t\t\t<\/h3>\n\t\t<\/div>\n\t\t\t\t\t\t<\/div>\n\t\t\t\t<\/div>\n\t\t\t\t<div class=\"elementor-element elementor-element-a13c7d6 elementor-widget__width-initial elementor-widget elementor-widget-text-editor\" data-id=\"a13c7d6\" data-element_type=\"widget\" data-e-type=\"widget\" data-widget_type=\"text-editor.default\">\n\t\t\t\t<div class=\"elementor-widget-container\">\n\t\t\t\t\t\t\t\t\tNuestro equipo de ventas se pondr\u00e1 en contacto con usted en breve. De necesitar asistencia inmediata, no dude en llamarnos al <span style=\"color: #f77c01;\"><a style=\"color: #f77c01;\" href=\"tel:+5072910010\">+507 291-0010<\/a><\/span> y con mucho gusto le asistiremos. Tambi\u00e9n puede enviarnos un mensaje a trav\u00e9s de nuestra p\u00e1gina de contacto, nuestro personal est\u00e1 listo para ayudarlo con sus necesidades.\t\t\t\t\t\t\t\t<\/div>\n\t\t\t\t<\/div>\n\t\t<div class=\"elementor-element elementor-element-b86d766 e-flex e-con-boxed e-con e-child\" data-id=\"b86d766\" data-element_type=\"container\" data-e-type=\"container\">\n\t\t\t\t\t<div class=\"e-con-inner\">\n\t\t\t\t<div class=\"elementor-element elementor-element-f08953b elementor-widget elementor-widget-button\" data-id=\"f08953b\" data-element_type=\"widget\" data-e-type=\"widget\" data-widget_type=\"button.default\">\n\t\t\t\t<div class=\"elementor-widget-container\">\n\t\t\t\t\t\t\t\t\t<div class=\"elementor-button-wrapper\">\n\t\t\t\t\t<a class=\"elementor-button elementor-button-link elementor-size-sm\" href=\"https:\/\/teseltapa.wpenginepowered.com\/catalogo\/\">\n\t\t\t\t\t\t<span class=\"elementor-button-content-wrapper\">\n\t\t\t\t\t\t\t\t\t<span class=\"elementor-button-text\">Cat\u00e1logo<\/span>\n\t\t\t\t\t<\/span>\n\t\t\t\t\t<\/a>\n\t\t\t\t<\/div>\n\t\t\t\t\t\t\t\t<\/div>\n\t\t\t\t<\/div>\n\t\t\t\t<div class=\"elementor-element elementor-element-6c3203d elementor-widget elementor-widget-button\" data-id=\"6c3203d\" data-element_type=\"widget\" data-e-type=\"widget\" data-widget_type=\"button.default\">\n\t\t\t\t<div class=\"elementor-widget-container\">\n\t\t\t\t\t\t\t\t\t<div class=\"elementor-button-wrapper\">\n\t\t\t\t\t<a class=\"elementor-button elementor-button-link elementor-size-sm\" href=\"https:\/\/teseltapa.wpenginepowered.com\/?page_id=17\">\n\t\t\t\t\t\t<span class=\"elementor-button-content-wrapper\">\n\t\t\t\t\t\t\t\t\t<span class=\"elementor-button-text\">Llevarme a Inicio<\/span>\n\t\t\t\t\t<\/span>\n\t\t\t\t\t<\/a>\n\t\t\t\t<\/div>\n\t\t\t\t\t\t\t\t<\/div>\n\t\t\t\t<\/div>\n\t\t\t\t\t<\/div>\n\t\t\t\t<\/div>\n\t\t<div class=\"elementor-element elementor-element-8205346 e-flex e-con-boxed e-con e-child\" data-id=\"8205346\" data-element_type=\"container\" data-e-type=\"container\">\n\t\t\t\t\t<div class=\"e-con-inner\">\n\t\t\t\t<div class=\"elementor-element elementor-element-3a4cb07 elementor-widget elementor-widget-heading\" data-id=\"3a4cb07\" data-element_type=\"widget\" data-e-type=\"widget\" data-widget_type=\"heading.default\">\n\t\t\t\t<div class=\"elementor-widget-container\">\n\t\t\t\t\t<h5 class=\"elementor-heading-title elementor-size-default\">Conecta con nosotros<\/h5>\t\t\t\t<\/div>\n\t\t\t\t<\/div>\n\t\t\t\t<div class=\"elementor-element elementor-element-de84d28 elementor-shape-rounded elementor-grid-0 e-grid-align-center elementor-widget elementor-widget-social-icons\" data-id=\"de84d28\" data-element_type=\"widget\" data-e-type=\"widget\" data-widget_type=\"social-icons.default\">\n\t\t\t\t<div class=\"elementor-widget-container\">\n\t\t\t\t\t\t\t<div class=\"elementor-social-icons-wrapper elementor-grid\" role=\"list\">\n\t\t\t\t\t\t\t<span class=\"elementor-grid-item\" role=\"listitem\">\n\t\t\t\t\t<a class=\"elementor-icon elementor-social-icon elementor-social-icon-linkedin elementor-repeater-item-4c7ee85\" href=\"https:\/\/www.linkedin.com\/company\/teselta\" target=\"_blank\">\n\t\t\t\t\t\t<span class=\"elementor-screen-only\">Linkedin<\/span>\n\t\t\t\t\t\t<i aria-hidden=\"true\" class=\"fab fa-linkedin\"><\/i>\t\t\t\t\t<\/a>\n\t\t\t\t<\/span>\n\t\t\t\t\t\t\t<span class=\"elementor-grid-item\" role=\"listitem\">\n\t\t\t\t\t<a class=\"elementor-icon elementor-social-icon elementor-social-icon-facebook elementor-repeater-item-ed175d1\" href=\"https:\/\/www.facebook.com\/teseltapanama\" target=\"_blank\">\n\t\t\t\t\t\t<span class=\"elementor-screen-only\">Facebook<\/span>\n\t\t\t\t\t\t<i aria-hidden=\"true\" class=\"fab fa-facebook\"><\/i>\t\t\t\t\t<\/a>\n\t\t\t\t<\/span>\n\t\t\t\t\t\t\t<span class=\"elementor-grid-item\" role=\"listitem\">\n\t\t\t\t\t<a class=\"elementor-icon elementor-social-icon elementor-social-icon-instagram elementor-repeater-item-dab2aad\" href=\"https:\/\/www.instagram.com\/teselta.pa\" target=\"_blank\">\n\t\t\t\t\t\t<span class=\"elementor-screen-only\">Instagram<\/span>\n\t\t\t\t\t\t<i aria-hidden=\"true\" class=\"fab fa-instagram\"><\/i>\t\t\t\t\t<\/a>\n\t\t\t\t<\/span>\n\t\t\t\t\t\t\t<span class=\"elementor-grid-item\" role=\"listitem\">\n\t\t\t\t\t<a class=\"elementor-icon elementor-social-icon elementor-social-icon-youtube elementor-repeater-item-92ae7b9\" href=\"https:\/\/www.youtube.com\/@teselta4529\" target=\"_blank\">\n\t\t\t\t\t\t<span class=\"elementor-screen-only\">Youtube<\/span>\n\t\t\t\t\t\t<i aria-hidden=\"true\" class=\"fab fa-youtube\"><\/i>\t\t\t\t\t<\/a>\n\t\t\t\t<\/span>\n\t\t\t\t\t<\/div>\n\t\t\t\t\t\t<\/div>\n\t\t\t\t<\/div>\n\t\t\t\t\t<\/div>\n\t\t\t\t<\/div>\n\t\t\t\t\t<\/div>\n\t\t\t\t<\/div>\n\t\t\t\t<\/div>","protected":false},"excerpt":{"rendered":"<p>\u00a1Su solicitud de cotizaci\u00f3n a sido enviada exitosamente! Nuestro equipo de ventas se pondr\u00e1 en contacto con usted en breve. De necesitar asistencia inmediata, no dude en llamarnos al +507 291-0010 y con mucho gusto le asistiremos. Tambi\u00e9n puede enviarnos un mensaje a trav\u00e9s de nuestra p\u00e1gina de contacto, nuestro personal est\u00e1 listo para ayudarlo [&hellip;]<\/p>\n","protected":false},"author":2,"featured_media":0,"parent":0,"menu_order":0,"comment_status":"closed","ping_status":"closed","template":"elementor_header_footer","meta":{"_acf_changed":false,"footnotes":""},"class_list":["post-110","page","type-page","status-publish","hentry"],"acf":[],"yoast_head":"<!-- This site is optimized with the Yoast SEO plugin v27.5 - https:\/\/yoast.com\/product\/yoast-seo-wordpress\/ -->\n<title>\u00a1Gracias! - Teselta CR<\/title>\n<meta name=\"robots\" content=\"index, follow, max-snippet:-1, max-image-preview:large, max-video-preview:-1\" \/>\n<link rel=\"canonical\" href=\"https:\/\/costarica.teselta.com\/en\/gracias\/\" \/>\n<meta property=\"og:locale\" content=\"en_US\" \/>\n<meta property=\"og:type\" content=\"article\" \/>\n<meta property=\"og:title\" content=\"\u00a1Gracias! - Teselta CR\" \/>\n<meta property=\"og:description\" content=\"\u00a1Su solicitud de cotizaci\u00f3n a sido enviada exitosamente! Nuestro equipo de ventas se pondr\u00e1 en contacto con usted en breve. De necesitar asistencia inmediata, no dude en llamarnos al +507 291-0010 y con mucho gusto le asistiremos. Tambi\u00e9n puede enviarnos un mensaje a trav\u00e9s de nuestra p\u00e1gina de contacto, nuestro personal est\u00e1 listo para ayudarlo [&hellip;]\" \/>\n<meta property=\"og:url\" content=\"https:\/\/costarica.teselta.com\/en\/gracias\/\" \/>\n<meta property=\"og:site_name\" content=\"Teselta CR\" \/>\n<meta property=\"article:publisher\" content=\"https:\/\/www.facebook.com\/TeseltaCo\" \/>\n<meta property=\"article:modified_time\" content=\"2024-09-23T17:00:17+00:00\" \/>\n<meta name=\"twitter:card\" content=\"summary_large_image\" \/>\n<meta name=\"twitter:label1\" content=\"Est. reading time\" \/>\n\t<meta name=\"twitter:data1\" content=\"1 minute\" \/>\n<script type=\"application\/ld+json\" class=\"yoast-schema-graph\">{\"@context\":\"https:\\\/\\\/schema.org\",\"@graph\":[{\"@type\":\"WebPage\",\"@id\":\"https:\\\/\\\/costarica.teselta.com\\\/gracias\\\/\",\"url\":\"https:\\\/\\\/costarica.teselta.com\\\/gracias\\\/\",\"name\":\"\u00a1Gracias! - Teselta CR\",\"isPartOf\":{\"@id\":\"https:\\\/\\\/costarica.teselta.com\\\/#website\"},\"datePublished\":\"2024-03-26T14:50:44+00:00\",\"dateModified\":\"2024-09-23T17:00:17+00:00\",\"breadcrumb\":{\"@id\":\"https:\\\/\\\/costarica.teselta.com\\\/gracias\\\/#breadcrumb\"},\"inLanguage\":\"en-US\",\"potentialAction\":[{\"@type\":\"ReadAction\",\"target\":[\"https:\\\/\\\/costarica.teselta.com\\\/gracias\\\/\"]}]},{\"@type\":\"BreadcrumbList\",\"@id\":\"https:\\\/\\\/costarica.teselta.com\\\/gracias\\\/#breadcrumb\",\"itemListElement\":[{\"@type\":\"ListItem\",\"position\":1,\"name\":\"Home\",\"item\":\"https:\\\/\\\/costarica.teselta.com\\\/\"},{\"@type\":\"ListItem\",\"position\":2,\"name\":\"\u00a1Gracias!\"}]},{\"@type\":\"WebSite\",\"@id\":\"https:\\\/\\\/costarica.teselta.com\\\/#website\",\"url\":\"https:\\\/\\\/costarica.teselta.com\\\/\",\"name\":\"Teselta\",\"description\":\"Los L\u00edderes en venta y renta de equipos\",\"publisher\":{\"@id\":\"https:\\\/\\\/costarica.teselta.com\\\/#organization\"},\"potentialAction\":[{\"@type\":\"SearchAction\",\"target\":{\"@type\":\"EntryPoint\",\"urlTemplate\":\"https:\\\/\\\/costarica.teselta.com\\\/?s={search_term_string}\"},\"query-input\":{\"@type\":\"PropertyValueSpecification\",\"valueRequired\":true,\"valueName\":\"search_term_string\"}}],\"inLanguage\":\"en-US\"},{\"@type\":\"Organization\",\"@id\":\"https:\\\/\\\/costarica.teselta.com\\\/#organization\",\"name\":\"Teselta\",\"url\":\"https:\\\/\\\/costarica.teselta.com\\\/\",\"logo\":{\"@type\":\"ImageObject\",\"inLanguage\":\"en-US\",\"@id\":\"https:\\\/\\\/costarica.teselta.com\\\/#\\\/schema\\\/logo\\\/image\\\/\",\"url\":\"https:\\\/\\\/costarica.teselta.com\\\/wp-content\\\/uploads\\\/2023\\\/02\\\/teselta-main-logo.svg\",\"contentUrl\":\"https:\\\/\\\/costarica.teselta.com\\\/wp-content\\\/uploads\\\/2023\\\/02\\\/teselta-main-logo.svg\",\"caption\":\"Teselta\"},\"image\":{\"@id\":\"https:\\\/\\\/costarica.teselta.com\\\/#\\\/schema\\\/logo\\\/image\\\/\"},\"sameAs\":[\"https:\\\/\\\/www.facebook.com\\\/TeseltaCo\",\"https:\\\/\\\/www.linkedin.com\\\/company\\\/teselta\\\/\",\"https:\\\/\\\/www.instagram.com\\\/teselta\",\"https:\\\/\\\/www.youtube.com\\\/@teselta4529\"]}]}<\/script>\n<!-- \/ Yoast SEO plugin. -->","yoast_head_json":{"title":"\u00a1Gracias! - Teselta CR","robots":{"index":"index","follow":"follow","max-snippet":"max-snippet:-1","max-image-preview":"max-image-preview:large","max-video-preview":"max-video-preview:-1"},"canonical":"https:\/\/costarica.teselta.com\/en\/gracias\/","og_locale":"en_US","og_type":"article","og_title":"\u00a1Gracias! - Teselta CR","og_description":"\u00a1Su solicitud de cotizaci\u00f3n a sido enviada exitosamente! Nuestro equipo de ventas se pondr\u00e1 en contacto con usted en breve. De necesitar asistencia inmediata, no dude en llamarnos al +507 291-0010 y con mucho gusto le asistiremos. Tambi\u00e9n puede enviarnos un mensaje a trav\u00e9s de nuestra p\u00e1gina de contacto, nuestro personal est\u00e1 listo para ayudarlo [&hellip;]","og_url":"https:\/\/costarica.teselta.com\/en\/gracias\/","og_site_name":"Teselta CR","article_publisher":"https:\/\/www.facebook.com\/TeseltaCo","article_modified_time":"2024-09-23T17:00:17+00:00","twitter_card":"summary_large_image","twitter_misc":{"Est. reading time":"1 minute"},"schema":{"@context":"https:\/\/schema.org","@graph":[{"@type":"WebPage","@id":"https:\/\/costarica.teselta.com\/gracias\/","url":"https:\/\/costarica.teselta.com\/gracias\/","name":"\u00a1Gracias! - Teselta CR","isPartOf":{"@id":"https:\/\/costarica.teselta.com\/#website"},"datePublished":"2024-03-26T14:50:44+00:00","dateModified":"2024-09-23T17:00:17+00:00","breadcrumb":{"@id":"https:\/\/costarica.teselta.com\/gracias\/#breadcrumb"},"inLanguage":"en-US","potentialAction":[{"@type":"ReadAction","target":["https:\/\/costarica.teselta.com\/gracias\/"]}]},{"@type":"BreadcrumbList","@id":"https:\/\/costarica.teselta.com\/gracias\/#breadcrumb","itemListElement":[{"@type":"ListItem","position":1,"name":"Home","item":"https:\/\/costarica.teselta.com\/"},{"@type":"ListItem","position":2,"name":"\u00a1Gracias!"}]},{"@type":"WebSite","@id":"https:\/\/costarica.teselta.com\/#website","url":"https:\/\/costarica.teselta.com\/","name":"Teselta","description":"The leaders in equipment sales and rentals","publisher":{"@id":"https:\/\/costarica.teselta.com\/#organization"},"potentialAction":[{"@type":"SearchAction","target":{"@type":"EntryPoint","urlTemplate":"https:\/\/costarica.teselta.com\/?s={search_term_string}"},"query-input":{"@type":"PropertyValueSpecification","valueRequired":true,"valueName":"search_term_string"}}],"inLanguage":"en-US"},{"@type":"Organization","@id":"https:\/\/costarica.teselta.com\/#organization","name":"Teselta","url":"https:\/\/costarica.teselta.com\/","logo":{"@type":"ImageObject","inLanguage":"en-US","@id":"https:\/\/costarica.teselta.com\/#\/schema\/logo\/image\/","url":"https:\/\/costarica.teselta.com\/wp-content\/uploads\/2023\/02\/teselta-main-logo.svg","contentUrl":"https:\/\/costarica.teselta.com\/wp-content\/uploads\/2023\/02\/teselta-main-logo.svg","caption":"Teselta"},"image":{"@id":"https:\/\/costarica.teselta.com\/#\/schema\/logo\/image\/"},"sameAs":["https:\/\/www.facebook.com\/TeseltaCo","https:\/\/www.linkedin.com\/company\/teselta\/","https:\/\/www.instagram.com\/teselta","https:\/\/www.youtube.com\/@teselta4529"]}]}},"_links":{"self":[{"href":"https:\/\/costarica.teselta.com\/en\/wp-json\/wp\/v2\/pages\/110","targetHints":{"allow":["GET"]}}],"collection":[{"href":"https:\/\/costarica.teselta.com\/en\/wp-json\/wp\/v2\/pages"}],"about":[{"href":"https:\/\/costarica.teselta.com\/en\/wp-json\/wp\/v2\/types\/page"}],"author":[{"embeddable":true,"href":"https:\/\/costarica.teselta.com\/en\/wp-json\/wp\/v2\/users\/2"}],"replies":[{"embeddable":true,"href":"https:\/\/costarica.teselta.com\/en\/wp-json\/wp\/v2\/comments?post=110"}],"version-history":[{"count":0,"href":"https:\/\/costarica.teselta.com\/en\/wp-json\/wp\/v2\/pages\/110\/revisions"}],"wp:attachment":[{"href":"https:\/\/costarica.teselta.com\/en\/wp-json\/wp\/v2\/media?parent=110"}],"curies":[{"name":"wp","href":"https:\/\/api.w.org\/{rel}","templated":true}]}}